{"id":6,"date":"2021-02-26T02:33:10","date_gmt":"2021-02-26T02:33:10","guid":{"rendered":"http:\/\/sirineotechnologies.com\/?page_id=6"},"modified":"2026-02-10T16:39:51","modified_gmt":"2026-02-10T19:39:51","slug":"about","status":"publish","type":"page","link":"https:\/\/sirineotechnologies.com\/index.php\/about\/","title":{"rendered":"Sobre"},"content":{"rendered":"\t\t<div data-elementor-type=\"wp-page\" data-elementor-id=\"6\" class=\"elementor elementor-6\" data-elementor-post-type=\"page\">\n\t\t\t\t\t\t<section class=\"elementor-section elementor-top-section elementor-element elementor-element-8c465c2 elementor-section-boxed elementor-section-height-default elementor-section-height-default\" data-id=\"8c465c2\" data-element_type=\"section\" data-e-type=\"section\" data-settings=\"{&quot;_ha_eqh_enable&quot;:false}\">\n\t\t\t\t\t\t<div class=\"elementor-container elementor-column-gap-default\">\n\t\t\t\t\t<div class=\"elementor-column elementor-col-100 elementor-top-column elementor-element elementor-element-f1dfeaa\" data-id=\"f1dfeaa\" data-element_type=\"column\" data-e-type=\"column\">\n\t\t\t<div class=\"elementor-widget-wrap elementor-element-populated\">\n\t\t\t\t\t\t<div class=\"elementor-element elementor-element-898ddfe elementor-widget elementor-widget-text-editor\" data-id=\"898ddfe\" data-element_type=\"widget\" data-e-type=\"widget\" data-widget_type=\"text-editor.default\">\n\t\t\t\t<div class=\"elementor-widget-container\">\n\t\t\t\t\t\t\t\t\t<p>\u00a0<\/p><p>\u00a0<\/p>\t\t\t\t\t\t\t\t<\/div>\n\t\t\t\t<\/div>\n\t\t\t\t\t<\/div>\n\t\t<\/div>\n\t\t\t\t\t<\/div>\n\t\t<\/section>\n\t\t\t\t<section class=\"elementor-section elementor-top-section elementor-element elementor-element-814c8ce elementor-section-boxed elementor-section-height-default elementor-section-height-default\" data-id=\"814c8ce\" data-element_type=\"section\" data-e-type=\"section\" data-settings=\"{&quot;_ha_eqh_enable&quot;:false}\">\n\t\t\t\t\t\t<div class=\"elementor-container elementor-column-gap-default\">\n\t\t\t\t\t<div class=\"elementor-column elementor-col-100 elementor-top-column elementor-element elementor-element-8166509\" data-id=\"8166509\" data-element_type=\"column\" data-e-type=\"column\">\n\t\t\t<div class=\"elementor-widget-wrap\">\n\t\t\t\t\t\t\t<\/div>\n\t\t<\/div>\n\t\t\t\t\t<\/div>\n\t\t<\/section>\n\t\t\t\t<section class=\"elementor-section elementor-top-section elementor-element elementor-element-48f1093 elementor-section-boxed elementor-section-height-default elementor-section-height-default\" data-id=\"48f1093\" data-element_type=\"section\" data-e-type=\"section\" data-settings=\"{&quot;_ha_eqh_enable&quot;:false}\">\n\t\t\t\t\t\t<div class=\"elementor-container elementor-column-gap-default\">\n\t\t\t\t\t<div class=\"elementor-column elementor-col-100 elementor-top-column elementor-element elementor-element-c974502\" data-id=\"c974502\" data-element_type=\"column\" data-e-type=\"column\">\n\t\t\t<div class=\"elementor-widget-wrap elementor-element-populated\">\n\t\t\t\t\t\t<div class=\"elementor-element elementor-element-61b5b8c elementor-invisible elementor-widget elementor-widget-image\" data-id=\"61b5b8c\" data-element_type=\"widget\" data-e-type=\"widget\" data-settings=\"{&quot;motion_fx_motion_fx_scrolling&quot;:&quot;yes&quot;,&quot;motion_fx_motion_fx_mouse&quot;:&quot;yes&quot;,&quot;_animation&quot;:&quot;zoomInUp&quot;,&quot;motion_fx_devices&quot;:[&quot;desktop&quot;,&quot;tablet&quot;,&quot;mobile&quot;]}\" data-widget_type=\"image.default\">\n\t\t\t\t<div class=\"elementor-widget-container\">\n\t\t\t\t\t\t\t\t\t\t\t\t\t\t\t<img fetchpriority=\"high\" decoding=\"async\" width=\"800\" height=\"195\" src=\"https:\/\/sirineotechnologies.com\/wp-content\/uploads\/2022\/11\/sirineo-Copia-1024x249.png\" class=\"attachment-large size-large wp-image-818\" alt=\"\" srcset=\"https:\/\/sirineotechnologies.com\/wp-content\/uploads\/2022\/11\/sirineo-Copia-1024x249.png 1024w, https:\/\/sirineotechnologies.com\/wp-content\/uploads\/2022\/11\/sirineo-Copia-300x73.png 300w, https:\/\/sirineotechnologies.com\/wp-content\/uploads\/2022\/11\/sirineo-Copia-768x187.png 768w, https:\/\/sirineotechnologies.com\/wp-content\/uploads\/2022\/11\/sirineo-Copia-1536x373.png 1536w, https:\/\/sirineotechnologies.com\/wp-content\/uploads\/2022\/11\/sirineo-Copia-2048x498.png 2048w\" sizes=\"(max-width: 800px) 100vw, 800px\" \/>\t\t\t\t\t\t\t\t\t\t\t\t\t\t\t<\/div>\n\t\t\t\t<\/div>\n\t\t\t\t<div class=\"elementor-element elementor-element-388f864 elementor-widget elementor-widget-text-editor\" data-id=\"388f864\" data-element_type=\"widget\" data-e-type=\"widget\" data-widget_type=\"text-editor.default\">\n\t\t\t\t<div class=\"elementor-widget-container\">\n\t\t\t\t\t\t\t\t\t<p>\u00a0<\/p><div class=\"size-full [&amp;&gt;*:first-child]:mt-0 [&amp;&gt;*:last-child]:mb-0 space-y-2\"><p>A <span class=\"font-semibold\">SiriNEO Technologies<\/span> \u00e9 uma startup brasileira especializada em conectividade e solu\u00e7\u00f5es para <span class=\"font-semibold\">Internet das Coisas (IoT)<\/span>. Atuamos na integra\u00e7\u00e3o de dispositivos IoT em diversos ecossistemas de telecomunica\u00e7\u00f5es, combinando hardware, firmware, software embarcado e an\u00e1lise de dados para entregar solu\u00e7\u00f5es inteligentes, escal\u00e1veis e orientadas \u00e0 inova\u00e7\u00e3o. Nossas plataformas suportam protocolos como <span class=\"font-semibold\">SigFOX, LoRa, BLE, NB\u2011IoT, Zigbee e Wi\u2011Fi<\/span>, oferecendo interoperabilidade e desempenho para aplica\u00e7\u00f5es reais.<\/p><\/div><div class=\"size-full [&amp;&gt;*:first-child]:mt-0 [&amp;&gt;*:last-child]:mb-0 space-y-2\">\u00a0<\/div><div class=\"size-full [&amp;&gt;*:first-child]:mt-0 [&amp;&gt;*:last-child]:mb-0 space-y-2\"><p>Avan\u00e7amos continuamente no ecossistema de inova\u00e7\u00e3o, participando de programas nacionais como o <span class=\"font-semibold\">Ideiaz \u2013 Powered by InovAtiva<\/span>, com mentoria do <span class=\"font-semibold\">Nexus \u2013 Hub de Inova\u00e7\u00e3o<\/span> do Parque Tecnol\u00f3gico de S\u00e3o Jos\u00e9 dos Campos, e o <span class=\"font-semibold\">InovAtiva Brasil<\/span>, onde evolu\u00edmos na etapa inicial do Ciclo 2021.1. Tamb\u00e9m fomos <span class=\"font-semibold\">contemplados no Programa Centelha GO<\/span>, recebendo investimento para acelerar o desenvolvimento de nossas solu\u00e7\u00f5es IoT.<\/p><\/div><div class=\"size-full [&amp;&gt;*:first-child]:mt-0 [&amp;&gt;*:last-child]:mb-0 space-y-2\">\u00a0<\/div><div class=\"size-full [&amp;&gt;*:first-child]:mt-0 [&amp;&gt;*:last-child]:mb-0 space-y-2\"><p>Entre nossas novas iniciativas, destaca-se o <a href=\"https:\/\/www.linkedin.com\/pulse\/potencializa%25C3%25A7%25C3%25A3o-ensino-de-programa%25C3%25A7%25C3%25A3o-rob%25C3%25B3tica-iot-e-cirineu-wmdjf\/\"><span class=\"font-semibold\">Projeto Mentes Brilhantes Tecnologia<\/span><\/a>, onde criamos a <span class=\"font-semibold\">Plataforma Tecnol\u00f3gica Educacional TBLACKSBOT<\/span>, que aproxima estudantes das tecnologias aplicadas na ind\u00fastria \u2014 eletr\u00f4nica embarcada, programa\u00e7\u00e3o, rob\u00f3tica, Intelig\u00eancia Artificial e IoT. O projeto j\u00e1 impacta escolas, comunidades e iniciativas sociais em diferentes regi\u00f5es, democratizando o acesso \u00e0 tecnologia.<\/p><\/div><div class=\"size-full [&amp;&gt;*:first-child]:mt-0 [&amp;&gt;*:last-child]:mb-0 space-y-2\">\u00a0<\/div><div class=\"size-full [&amp;&gt;*:first-child]:mt-0 [&amp;&gt;*:last-child]:mb-0 space-y-2\"><p>Paralelamente, estamos desenvolvendo a <span class=\"font-semibold\">Plataforma Web IoT SiriNEO Things<\/span>, voltada ao <span class=\"font-semibold\">monitoramento, gest\u00e3o e visualiza\u00e7\u00e3o de dados de dispositivos IoT<\/span>, com suporte a MQTT, CoAP e HTTP, e opera\u00e7\u00e3o integralmente no Brasil ou em ambientes On\u2011Premise, garantindo soberania, seguran\u00e7a e flexibilidade de implanta\u00e7\u00e3o.<\/p><\/div><div class=\"size-full [&amp;&gt;*:first-child]:mt-0 [&amp;&gt;*:last-child]:mb-0 space-y-2\">\u00a0<\/div><div class=\"size-full [&amp;&gt;*:first-child]:mt-0 [&amp;&gt;*:last-child]:mb-0 space-y-2\"><p>Mantemos tamb\u00e9m reposit\u00f3rios p\u00fablicos no GitHub, contribuindo para que startups, universidades e integradores desenvolvam solu\u00e7\u00f5es IoT acess\u00edveis, robustas e alinhadas \u00e0s demandas reais do mercado.<\/p><p>\u00a0<\/p><\/div><p><strong>SiriNEO Technologies &#8211; Uma Janela para o futuro.<\/strong><\/p>\t\t\t\t\t\t\t\t<\/div>\n\t\t\t\t<\/div>\n\t\t\t\t\t<\/div>\n\t\t<\/div>\n\t\t\t\t\t<\/div>\n\t\t<\/section>\n\t\t\t\t<section class=\"elementor-section elementor-top-section elementor-element elementor-element-0820eef elementor-section-boxed elementor-section-height-default elementor-section-height-default\" data-id=\"0820eef\" data-element_type=\"section\" data-e-type=\"section\" data-settings=\"{&quot;_ha_eqh_enable&quot;:false}\">\n\t\t\t\t\t\t<div class=\"elementor-container elementor-column-gap-default\">\n\t\t\t\t\t<div class=\"elementor-column elementor-col-100 elementor-top-column elementor-element elementor-element-ee326dc\" data-id=\"ee326dc\" data-element_type=\"column\" data-e-type=\"column\">\n\t\t\t<div class=\"elementor-widget-wrap elementor-element-populated\">\n\t\t\t\t\t\t<div class=\"elementor-element elementor-element-d206e46 elementor-widget elementor-widget-heading\" data-id=\"d206e46\" data-element_type=\"widget\" data-e-type=\"widget\" data-widget_type=\"heading.default\">\n\t\t\t\t<div class=\"elementor-widget-container\">\n\t\t\t\t\t<h2 class=\"elementor-heading-title elementor-size-default\">Nosso time<br><\/h2>\t\t\t\t<\/div>\n\t\t\t\t<\/div>\n\t\t\t\t\t<\/div>\n\t\t<\/div>\n\t\t\t\t\t<\/div>\n\t\t<\/section>\n\t\t\t\t<section class=\"elementor-section elementor-top-section elementor-element elementor-element-64b7c58 elementor-section-boxed elementor-section-height-default elementor-section-height-default\" data-id=\"64b7c58\" data-element_type=\"section\" data-e-type=\"section\" data-settings=\"{&quot;_ha_eqh_enable&quot;:false}\">\n\t\t\t\t\t\t<div class=\"elementor-container elementor-column-gap-default\">\n\t\t\t\t\t<div class=\"elementor-column elementor-col-100 elementor-top-column elementor-element elementor-element-d253950\" data-id=\"d253950\" data-element_type=\"column\" data-e-type=\"column\">\n\t\t\t<div class=\"elementor-widget-wrap elementor-element-populated\">\n\t\t\t\t\t\t<div class=\"elementor-element elementor-element-7ccb82a elementor-widget elementor-widget-spacer\" data-id=\"7ccb82a\" data-element_type=\"widget\" data-e-type=\"widget\" data-widget_type=\"spacer.default\">\n\t\t\t\t<div class=\"elementor-widget-container\">\n\t\t\t\t\t\t\t<div class=\"elementor-spacer\">\n\t\t\t<div class=\"elementor-spacer-inner\"><\/div>\n\t\t<\/div>\n\t\t\t\t\t\t<\/div>\n\t\t\t\t<\/div>\n\t\t\t\t\t<\/div>\n\t\t<\/div>\n\t\t\t\t\t<\/div>\n\t\t<\/section>\n\t\t\t\t<section class=\"elementor-section elementor-top-section elementor-element elementor-element-6255032 elementor-section-boxed elementor-section-height-default elementor-section-height-default\" data-id=\"6255032\" data-element_type=\"section\" data-e-type=\"section\" data-settings=\"{&quot;_ha_eqh_enable&quot;:false}\">\n\t\t\t\t\t\t<div class=\"elementor-container elementor-column-gap-default\">\n\t\t\t\t\t<div class=\"elementor-column elementor-col-50 elementor-top-column elementor-element elementor-element-b92f94c\" data-id=\"b92f94c\" data-element_type=\"column\" data-e-type=\"column\">\n\t\t\t<div class=\"elementor-widget-wrap elementor-element-populated\">\n\t\t\t\t\t\t<div class=\"elementor-element elementor-element-66c6f86 elementor-view-default elementor-widget elementor-widget-icon\" data-id=\"66c6f86\" data-element_type=\"widget\" data-e-type=\"widget\" data-widget_type=\"icon.default\">\n\t\t\t\t<div class=\"elementor-widget-container\">\n\t\t\t\t\t\t\t<div class=\"elementor-icon-wrapper\">\n\t\t\t<a class=\"elementor-icon\" href=\"https:\/\/www.linkedin.com\/in\/cirineu-carvalho-fernandes-20490a37\/\">\n\t\t\t<svg aria-hidden=\"true\" class=\"e-font-icon-svg e-fab-linkedin\" viewBox=\"0 0 448 512\" xmlns=\"http:\/\/www.w3.org\/2000\/svg\"><path d=\"M416 32H31.9C14.3 32 0 46.5 0 64.3v383.4C0 465.5 14.3 480 31.9 480H416c17.6 0 32-14.5 32-32.3V64.3c0-17.8-14.4-32.3-32-32.3zM135.4 416H69V202.2h66.5V416zm-33.2-243c-21.3 0-38.5-17.3-38.5-38.5S80.9 96 102.2 96c21.2 0 38.5 17.3 38.5 38.5 0 21.3-17.2 38.5-38.5 38.5zm282.1 243h-66.4V312c0-24.8-.5-56.7-34.5-56.7-34.6 0-39.9 27-39.9 54.9V416h-66.4V202.2h63.7v29.2h.9c8.9-16.8 30.6-34.5 62.9-34.5 67.2 0 79.7 44.3 79.7 101.9V416z\"><\/path><\/svg>\t\t\t<\/a>\n\t\t<\/div>\n\t\t\t\t\t\t<\/div>\n\t\t\t\t<\/div>\n\t\t\t\t<div class=\"elementor-element elementor-element-159af1d elementor-widget__width-initial elementor-invisible elementor-widget elementor-widget-image\" data-id=\"159af1d\" data-element_type=\"widget\" data-e-type=\"widget\" data-settings=\"{&quot;_animation&quot;:&quot;slideInLeft&quot;}\" data-widget_type=\"image.default\">\n\t\t\t\t<div class=\"elementor-widget-container\">\n\t\t\t\t\t\t\t\t\t\t\t\t\t\t\t<img decoding=\"async\" width=\"300\" height=\"256\" src=\"https:\/\/sirineotechnologies.com\/wp-content\/uploads\/2024\/02\/CIRINEU-jpeg-2-300x256.jpg\" class=\"attachment-medium size-medium wp-image-3087\" alt=\"\" srcset=\"https:\/\/sirineotechnologies.com\/wp-content\/uploads\/2024\/02\/CIRINEU-jpeg-2-300x256.jpg 300w, https:\/\/sirineotechnologies.com\/wp-content\/uploads\/2024\/02\/CIRINEU-jpeg-2-768x654.jpg 768w, https:\/\/sirineotechnologies.com\/wp-content\/uploads\/2024\/02\/CIRINEU-jpeg-2.jpg 797w\" sizes=\"(max-width: 300px) 100vw, 300px\" \/>\t\t\t\t\t\t\t\t\t\t\t\t\t\t\t<\/div>\n\t\t\t\t<\/div>\n\t\t\t\t<div class=\"elementor-element elementor-element-9400d57 elementor-widget elementor-widget-text-editor\" data-id=\"9400d57\" data-element_type=\"widget\" data-e-type=\"widget\" data-widget_type=\"text-editor.default\">\n\t\t\t\t<div class=\"elementor-widget-container\">\n\t\t\t\t\t\t\t\t\t<p><strong>CIRINEU C FERNANDES<\/strong><\/p><p><strong>CEO\/CTO \u2013 Founder na SiriNEO Technologies<\/strong><\/p><p>Engenheiro de <span style=\"font-family: Arial, Helvetica, sans-serif; font-size: 14px; font-style: normal; font-variant-ligatures: normal; font-variant-caps: normal; font-weight: 400;\">Sistemas Embarcados<\/span>, software e firmware, Especialista em IoT,\u00a0 Seguran\u00e7a P\u00fablica, Engenharia de Telecomunica\u00e7\u00f5es, apaixonado por tecnologia, inova\u00e7\u00e3o e empreendorismo.<\/p>\t\t\t\t\t\t\t\t<\/div>\n\t\t\t\t<\/div>\n\t\t\t\t\t<\/div>\n\t\t<\/div>\n\t\t\t\t<div class=\"elementor-column elementor-col-50 elementor-top-column elementor-element elementor-element-940a372\" data-id=\"940a372\" data-element_type=\"column\" data-e-type=\"column\">\n\t\t\t<div class=\"elementor-widget-wrap elementor-element-populated\">\n\t\t\t\t\t\t<div class=\"elementor-element elementor-element-6228111 elementor-widget__width-initial elementor-view-default elementor-widget elementor-widget-icon\" data-id=\"6228111\" data-element_type=\"widget\" data-e-type=\"widget\" data-widget_type=\"icon.default\">\n\t\t\t\t<div class=\"elementor-widget-container\">\n\t\t\t\t\t\t\t<div class=\"elementor-icon-wrapper\">\n\t\t\t<a class=\"elementor-icon\" href=\"https:\/\/www.linkedin.com\/in\/juliana-carvalho-53064263\/\">\n\t\t\t<svg aria-hidden=\"true\" class=\"e-font-icon-svg e-fab-linkedin\" viewBox=\"0 0 448 512\" xmlns=\"http:\/\/www.w3.org\/2000\/svg\"><path d=\"M416 32H31.9C14.3 32 0 46.5 0 64.3v383.4C0 465.5 14.3 480 31.9 480H416c17.6 0 32-14.5 32-32.3V64.3c0-17.8-14.4-32.3-32-32.3zM135.4 416H69V202.2h66.5V416zm-33.2-243c-21.3 0-38.5-17.3-38.5-38.5S80.9 96 102.2 96c21.2 0 38.5 17.3 38.5 38.5 0 21.3-17.2 38.5-38.5 38.5zm282.1 243h-66.4V312c0-24.8-.5-56.7-34.5-56.7-34.6 0-39.9 27-39.9 54.9V416h-66.4V202.2h63.7v29.2h.9c8.9-16.8 30.6-34.5 62.9-34.5 67.2 0 79.7 44.3 79.7 101.9V416z\"><\/path><\/svg>\t\t\t<\/a>\n\t\t<\/div>\n\t\t\t\t\t\t<\/div>\n\t\t\t\t<\/div>\n\t\t\t\t<div class=\"elementor-element elementor-element-92a8313 elementor-widget__width-initial elementor-invisible elementor-widget elementor-widget-image\" data-id=\"92a8313\" data-element_type=\"widget\" data-e-type=\"widget\" data-settings=\"{&quot;_animation&quot;:&quot;slideInRight&quot;}\" data-widget_type=\"image.default\">\n\t\t\t\t<div class=\"elementor-widget-container\">\n\t\t\t\t\t\t\t\t\t\t\t\t\t\t\t<img decoding=\"async\" width=\"300\" height=\"292\" src=\"https:\/\/sirineotechnologies.com\/wp-content\/uploads\/2024\/02\/ju-foto-redonda-2-1-300x292.jpg\" class=\"attachment-medium size-medium wp-image-3083\" alt=\"\" srcset=\"https:\/\/sirineotechnologies.com\/wp-content\/uploads\/2024\/02\/ju-foto-redonda-2-1-300x292.jpg 300w, https:\/\/sirineotechnologies.com\/wp-content\/uploads\/2024\/02\/ju-foto-redonda-2-1-768x747.jpg 768w, https:\/\/sirineotechnologies.com\/wp-content\/uploads\/2024\/02\/ju-foto-redonda-2-1.jpg 922w\" sizes=\"(max-width: 300px) 100vw, 300px\" \/>\t\t\t\t\t\t\t\t\t\t\t\t\t\t\t<\/div>\n\t\t\t\t<\/div>\n\t\t\t\t<div class=\"elementor-element elementor-element-d5c91e3 elementor-widget elementor-widget-text-editor\" data-id=\"d5c91e3\" data-element_type=\"widget\" data-e-type=\"widget\" data-widget_type=\"text-editor.default\">\n\t\t\t\t<div class=\"elementor-widget-container\">\n\t\t\t\t\t\t\t\t\t<p><strong>JULIANA\u00a0 CV FERNANDES<\/strong><\/p><p><strong>COO &#8211; Co-Founder na SiriNEO Technologies<\/strong><\/p><p>Graduada em Fisioterapia, Especialista em Est\u00e9tica Avan\u00e7ada, Gestora Operacional e Administrativa.<\/p>\t\t\t\t\t\t\t\t<\/div>\n\t\t\t\t<\/div>\n\t\t\t\t\t<\/div>\n\t\t<\/div>\n\t\t\t\t\t<\/div>\n\t\t<\/section>\n\t\t\t\t<section class=\"elementor-section elementor-top-section elementor-element elementor-element-0c616d7 elementor-section-boxed elementor-section-height-default elementor-section-height-default\" data-id=\"0c616d7\" data-element_type=\"section\" data-e-type=\"section\" data-settings=\"{&quot;_ha_eqh_enable&quot;:false}\">\n\t\t\t\t\t\t<div class=\"elementor-container elementor-column-gap-default\">\n\t\t\t\t\t<div class=\"elementor-column elementor-col-100 elementor-top-column elementor-element elementor-element-c7d5d01\" data-id=\"c7d5d01\" data-element_type=\"column\" data-e-type=\"column\">\n\t\t\t<div class=\"elementor-widget-wrap elementor-element-populated\">\n\t\t\t\t\t\t<div class=\"elementor-element elementor-element-b0e070f elementor-widget elementor-widget-heading\" data-id=\"b0e070f\" data-element_type=\"widget\" data-e-type=\"widget\" data-widget_type=\"heading.default\">\n\t\t\t\t<div class=\"elementor-widget-container\">\n\t\t\t\t\t<h2 class=\"elementor-heading-title elementor-size-default\">Colaborador<\/h2>\t\t\t\t<\/div>\n\t\t\t\t<\/div>\n\t\t\t\t\t<\/div>\n\t\t<\/div>\n\t\t\t\t\t<\/div>\n\t\t<\/section>\n\t\t\t\t<section class=\"elementor-section elementor-top-section elementor-element elementor-element-527f400 elementor-section-boxed elementor-section-height-default elementor-section-height-default\" data-id=\"527f400\" data-element_type=\"section\" data-e-type=\"section\" data-settings=\"{&quot;_ha_eqh_enable&quot;:false}\">\n\t\t\t\t\t\t<div class=\"elementor-container elementor-column-gap-default\">\n\t\t\t\t\t<div class=\"elementor-column elementor-col-100 elementor-top-column elementor-element elementor-element-219e313\" data-id=\"219e313\" data-element_type=\"column\" data-e-type=\"column\">\n\t\t\t<div class=\"elementor-widget-wrap elementor-element-populated\">\n\t\t\t\t\t\t\t<\/div>\n\t\t<\/div>\n\t\t\t\t\t<\/div>\n\t\t<\/section>\n\t\t\t\t<section class=\"elementor-section elementor-top-section elementor-element elementor-element-a27662e elementor-section-boxed elementor-section-height-default elementor-section-height-default\" data-id=\"a27662e\" data-element_type=\"section\" data-e-type=\"section\" data-settings=\"{&quot;_ha_eqh_enable&quot;:false}\">\n\t\t\t\t\t\t<div class=\"elementor-container elementor-column-gap-default\">\n\t\t\t\t\t<div class=\"elementor-column elementor-col-100 elementor-top-column elementor-element elementor-element-e55af80\" data-id=\"e55af80\" data-element_type=\"column\" data-e-type=\"column\">\n\t\t\t<div class=\"elementor-widget-wrap elementor-element-populated\">\n\t\t\t\t\t\t<div class=\"elementor-element elementor-element-b1e5324 elementor-view-default elementor-widget elementor-widget-icon\" data-id=\"b1e5324\" data-element_type=\"widget\" data-e-type=\"widget\" data-widget_type=\"icon.default\">\n\t\t\t\t<div class=\"elementor-widget-container\">\n\t\t\t\t\t\t\t<div class=\"elementor-icon-wrapper\">\n\t\t\t<a class=\"elementor-icon\" href=\"https:\/\/www.linkedin.com\/in\/wenderson-machado-ferreira\/\">\n\t\t\t<svg aria-hidden=\"true\" class=\"e-font-icon-svg e-fab-linkedin\" viewBox=\"0 0 448 512\" xmlns=\"http:\/\/www.w3.org\/2000\/svg\"><path d=\"M416 32H31.9C14.3 32 0 46.5 0 64.3v383.4C0 465.5 14.3 480 31.9 480H416c17.6 0 32-14.5 32-32.3V64.3c0-17.8-14.4-32.3-32-32.3zM135.4 416H69V202.2h66.5V416zm-33.2-243c-21.3 0-38.5-17.3-38.5-38.5S80.9 96 102.2 96c21.2 0 38.5 17.3 38.5 38.5 0 21.3-17.2 38.5-38.5 38.5zm282.1 243h-66.4V312c0-24.8-.5-56.7-34.5-56.7-34.6 0-39.9 27-39.9 54.9V416h-66.4V202.2h63.7v29.2h.9c8.9-16.8 30.6-34.5 62.9-34.5 67.2 0 79.7 44.3 79.7 101.9V416z\"><\/path><\/svg>\t\t\t<\/a>\n\t\t<\/div>\n\t\t\t\t\t\t<\/div>\n\t\t\t\t<\/div>\n\t\t\t\t<div class=\"elementor-element elementor-element-70d20bd elementor-invisible elementor-widget elementor-widget-image\" data-id=\"70d20bd\" data-element_type=\"widget\" data-e-type=\"widget\" data-settings=\"{&quot;_animation&quot;:&quot;fadeInUp&quot;}\" data-widget_type=\"image.default\">\n\t\t\t\t<div class=\"elementor-widget-container\">\n\t\t\t\t\t\t\t\t\t\t\t\t\t\t\t<img loading=\"lazy\" decoding=\"async\" width=\"300\" height=\"300\" src=\"https:\/\/sirineotechnologies.com\/wp-content\/uploads\/2023\/09\/wenderson-site2-300x300.png\" class=\"attachment-medium size-medium wp-image-2645\" alt=\"\" srcset=\"https:\/\/sirineotechnologies.com\/wp-content\/uploads\/2023\/09\/wenderson-site2-300x300.png 300w, https:\/\/sirineotechnologies.com\/wp-content\/uploads\/2023\/09\/wenderson-site2-1024x1024.png 1024w, https:\/\/sirineotechnologies.com\/wp-content\/uploads\/2023\/09\/wenderson-site2-150x150.png 150w, https:\/\/sirineotechnologies.com\/wp-content\/uploads\/2023\/09\/wenderson-site2-768x768.png 768w, https:\/\/sirineotechnologies.com\/wp-content\/uploads\/2023\/09\/wenderson-site2.png 1280w\" sizes=\"(max-width: 300px) 100vw, 300px\" \/>\t\t\t\t\t\t\t\t\t\t\t\t\t\t\t<\/div>\n\t\t\t\t<\/div>\n\t\t\t\t<div class=\"elementor-element elementor-element-eac0505 elementor-widget elementor-widget-text-editor\" data-id=\"eac0505\" data-element_type=\"widget\" data-e-type=\"widget\" data-widget_type=\"text-editor.default\">\n\t\t\t\t<div class=\"elementor-widget-container\">\n\t\t\t\t\t\t\t\t\t<p><strong>WENDERSON FERREIRA<\/strong><\/p><p><strong>Engenheiro de Software e Firmware colaborador na SiriNEO Technologies<\/strong><\/p><p>Desenvolvedor de software, firmware, Desenvolvimento de Sistemas, Administra\u00e7\u00e3o de Banco de Dados, Gerenciamento de Projetos.<\/p>\t\t\t\t\t\t\t\t<\/div>\n\t\t\t\t<\/div>\n\t\t\t\t\t<\/div>\n\t\t<\/div>\n\t\t\t\t\t<\/div>\n\t\t<\/section>\n\t\t\t\t<section class=\"elementor-section elementor-top-section elementor-element elementor-element-9f62e3c elementor-section-boxed elementor-section-height-default elementor-section-height-default\" data-id=\"9f62e3c\" data-element_type=\"section\" data-e-type=\"section\" data-settings=\"{&quot;_ha_eqh_enable&quot;:false}\">\n\t\t\t\t\t\t<div class=\"elementor-container elementor-column-gap-default\">\n\t\t\t\t\t<div class=\"elementor-column elementor-col-33 elementor-top-column elementor-element elementor-element-f495082\" data-id=\"f495082\" data-element_type=\"column\" data-e-type=\"column\">\n\t\t\t<div class=\"elementor-widget-wrap\">\n\t\t\t\t\t\t\t<\/div>\n\t\t<\/div>\n\t\t\t\t<div class=\"elementor-column elementor-col-33 elementor-top-column elementor-element elementor-element-23c1fa9\" data-id=\"23c1fa9\" data-element_type=\"column\" data-e-type=\"column\">\n\t\t\t<div class=\"elementor-widget-wrap\">\n\t\t\t\t\t\t\t<\/div>\n\t\t<\/div>\n\t\t\t\t<div class=\"elementor-column elementor-col-33 elementor-top-column elementor-element elementor-element-78b3f75\" data-id=\"78b3f75\" data-element_type=\"column\" data-e-type=\"column\">\n\t\t\t<div class=\"elementor-widget-wrap\">\n\t\t\t\t\t\t\t<\/div>\n\t\t<\/div>\n\t\t\t\t\t<\/div>\n\t\t<\/section>\n\t\t\t\t<\/div>\n\t\t","protected":false},"excerpt":{"rendered":"<p>\u00a0 \u00a0 \u00a0 A SiriNEO Technologies \u00e9 uma startup brasileira especializada em conectividade e solu\u00e7\u00f5es para Internet das Coisas (IoT). Atuamos na integra\u00e7\u00e3o de dispositivos IoT em diversos ecossistemas de telecomunica\u00e7\u00f5es, combinando hardware, firmware, software embarcado e an\u00e1lise de dados para entregar solu\u00e7\u00f5es inteligentes, escal\u00e1veis e orientadas \u00e0 inova\u00e7\u00e3o. Nossas plataformas suportam protocolos como SigFOX, [&hellip;]<\/p>\n","protected":false},"author":1,"featured_media":0,"parent":0,"menu_order":0,"comment_status":"closed","ping_status":"closed","template":"","meta":{"footnotes":""},"class_list":["post-6","page","type-page","status-publish","hentry"],"_links":{"self":[{"href":"https:\/\/sirineotechnologies.com\/index.php\/wp-json\/wp\/v2\/pages\/6","targetHints":{"allow":["GET"]}}],"collection":[{"href":"https:\/\/sirineotechnologies.com\/index.php\/wp-json\/wp\/v2\/pages"}],"about":[{"href":"https:\/\/sirineotechnologies.com\/index.php\/wp-json\/wp\/v2\/types\/page"}],"author":[{"embeddable":true,"href":"https:\/\/sirineotechnologies.com\/index.php\/wp-json\/wp\/v2\/users\/1"}],"replies":[{"embeddable":true,"href":"https:\/\/sirineotechnologies.com\/index.php\/wp-json\/wp\/v2\/comments?post=6"}],"version-history":[{"count":213,"href":"https:\/\/sirineotechnologies.com\/index.php\/wp-json\/wp\/v2\/pages\/6\/revisions"}],"predecessor-version":[{"id":3472,"href":"https:\/\/sirineotechnologies.com\/index.php\/wp-json\/wp\/v2\/pages\/6\/revisions\/3472"}],"wp:attachment":[{"href":"https:\/\/sirineotechnologies.com\/index.php\/wp-json\/wp\/v2\/media?parent=6"}],"curies":[{"name":"wp","href":"https:\/\/api.w.org\/{rel}","templated":true}]}}